{"id":4096,"date":"2021-08-12T05:31:22","date_gmt":"2021-08-11T23:31:22","guid":{"rendered":"https:\/\/abedinequipment.publicdemo.xyz\/?page_id=4096"},"modified":"2023-03-07T02:34:33","modified_gmt":"2023-03-06T20:34:33","slug":"refunds-returns","status":"publish","type":"page","link":"https:\/\/abedinequipment.publicdemo.xyz\/bn\/refunds-returns\/","title":{"rendered":"Refunds &#038; Returns"},"content":{"rendered":"<div class=\"wpb-content-wrapper\"><div class=\"vc_row wpb_row vc_row-fluid\"><div class=\"wpb_column vc_column_container vc_col-sm-12\"><div class=\"vc_column-inner\"><div class=\"wpb_wrapper\">\n\t<div class=\"wpb_text_column wpb_content_element\" >\n\t\t<div class=\"wpb_wrapper\">\n\t\t\t<ol>\n<li>Abedin Equipment holds the right to determine whether a return and refund \u00a0can be issued.<\/li>\n<li>Abedin Equipment shall make all endeavors to deliver defect free products to the buyers.<\/li>\n<\/ol>\n\n\t\t<\/div>\n\t<\/div>\n<\/div><\/div><\/div><\/div>\n<p>Hausaufgaben sind eine der schwierigsten Aufgaben, die Sch\u00fcler in der Schule konfrontiert haben. Sie m\u00fcssen oft mehrere Aufgaben und<a href=\"https:\/\/hausarbeiten-schreiben-lassen.com\/\">hausarbeiten kaufen<\/a> viele Fristen jonglieren, die ziemlich anstrengend sein k\u00f6nnen.Zum Gl\u00fcck k\u00f6nnen Sie Hausaufgaben online kaufen, um Ihnen bei dieser Aufgabe zu helfen. Diese Dienste verf\u00fcgen \u00fcber eine breite Palette von Expertenautoren, die jede Art von akademischem Papier schreiben k\u00f6nnen.<\/p>\n<\/div>","protected":false},"excerpt":{"rendered":"<p>Hausaufgaben sind eine der schwierigsten Aufgaben, die Sch\u00fcler in der Schule konfrontiert haben. Sie m\u00fcssen oft mehrere Aufgaben undhausarbeiten kaufen<\/p>","protected":false},"author":1,"featured_media":0,"parent":0,"menu_order":0,"comment_status":"closed","ping_status":"closed","template":"","meta":{"footnotes":""},"class_list":["post-4096","page","type-page","status-publish","hentry"],"yoast_head":"<!-- This site is optimized with the Yoast SEO plugin v27.3 - https:\/\/yoast.com\/product\/yoast-seo-wordpress\/ -->\n<title>Refunds &amp; Returns - Abedin Equipment Limited<\/title>\n<meta name=\"robots\" content=\"index, follow, max-snippet:-1, max-image-preview:large, max-video-preview:-1\" \/>\n<link rel=\"canonical\" href=\"https:\/\/abedinequipment.publicdemo.xyz\/bn\/refunds-returns\/\" \/>\n<meta property=\"og:locale\" content=\"en_US\" \/>\n<meta property=\"og:type\" content=\"article\" \/>\n<meta property=\"og:title\" content=\"Refunds &amp; Returns - Abedin Equipment Limited\" \/>\n<meta property=\"og:description\" content=\"Hausaufgaben sind eine der schwierigsten Aufgaben, die Sch\u00fcler in der Schule konfrontiert haben. Sie m\u00fcssen oft mehrere Aufgaben undhausarbeiten kaufen\" \/>\n<meta property=\"og:url\" content=\"https:\/\/abedinequipment.publicdemo.xyz\/bn\/refunds-returns\/\" \/>\n<meta property=\"og:site_name\" content=\"Abedin Equipment Limited\" \/>\n<meta property=\"article:modified_time\" content=\"2023-03-06T20:34:33+00:00\" \/>\n<meta name=\"twitter:card\" content=\"summary_large_image\" \/>\n<meta name=\"twitter:label1\" content=\"Est. reading time\" \/>\n\t<meta name=\"twitter:data1\" content=\"1 \u09ae\u09bf\u09a8\u09bf\u099f\" \/>\n<script type=\"application\/ld+json\" class=\"yoast-schema-graph\">{\"@context\":\"https:\\\/\\\/schema.org\",\"@graph\":[{\"@type\":\"WebPage\",\"@id\":\"https:\\\/\\\/abedinequipment.publicdemo.xyz\\\/refunds-returns\\\/\",\"url\":\"https:\\\/\\\/abedinequipment.publicdemo.xyz\\\/refunds-returns\\\/\",\"name\":\"Refunds & Returns - Abedin Equipment Limited\",\"isPartOf\":{\"@id\":\"https:\\\/\\\/abedinequipment.publicdemo.xyz\\\/#website\"},\"datePublished\":\"2021-08-11T23:31:22+00:00\",\"dateModified\":\"2023-03-06T20:34:33+00:00\",\"breadcrumb\":{\"@id\":\"https:\\\/\\\/abedinequipment.publicdemo.xyz\\\/refunds-returns\\\/#breadcrumb\"},\"inLanguage\":\"bn-BD\",\"potentialAction\":[{\"@type\":\"ReadAction\",\"target\":[\"https:\\\/\\\/abedinequipment.publicdemo.xyz\\\/refunds-returns\\\/\"]}]},{\"@type\":\"BreadcrumbList\",\"@id\":\"https:\\\/\\\/abedinequipment.publicdemo.xyz\\\/refunds-returns\\\/#breadcrumb\",\"itemListElement\":[{\"@type\":\"ListItem\",\"position\":1,\"name\":\"Home\",\"item\":\"https:\\\/\\\/abedinequipment.publicdemo.xyz\\\/\"},{\"@type\":\"ListItem\",\"position\":2,\"name\":\"Refunds &#038; Returns\"}]},{\"@type\":\"WebSite\",\"@id\":\"https:\\\/\\\/abedinequipment.publicdemo.xyz\\\/#website\",\"url\":\"https:\\\/\\\/abedinequipment.publicdemo.xyz\\\/\",\"name\":\"Abedin Equipment Limited\",\"description\":\"Seek Excellence\",\"potentialAction\":[{\"@type\":\"SearchAction\",\"target\":{\"@type\":\"EntryPoint\",\"urlTemplate\":\"https:\\\/\\\/abedinequipment.publicdemo.xyz\\\/?s={search_term_string}\"},\"query-input\":{\"@type\":\"PropertyValueSpecification\",\"valueRequired\":true,\"valueName\":\"search_term_string\"}}],\"inLanguage\":\"bn-BD\"}]}<\/script>\n<!-- \/ Yoast SEO plugin. -->","yoast_head_json":{"title":"Refunds & Returns - Abedin Equipment Limited","robots":{"index":"index","follow":"follow","max-snippet":"max-snippet:-1","max-image-preview":"max-image-preview:large","max-video-preview":"max-video-preview:-1"},"canonical":"https:\/\/abedinequipment.publicdemo.xyz\/bn\/refunds-returns\/","og_locale":"en_US","og_type":"article","og_title":"Refunds & Returns - Abedin Equipment Limited","og_description":"Hausaufgaben sind eine der schwierigsten Aufgaben, die Sch\u00fcler in der Schule konfrontiert haben. Sie m\u00fcssen oft mehrere Aufgaben undhausarbeiten kaufen","og_url":"https:\/\/abedinequipment.publicdemo.xyz\/bn\/refunds-returns\/","og_site_name":"Abedin Equipment Limited","article_modified_time":"2023-03-06T20:34:33+00:00","twitter_card":"summary_large_image","twitter_misc":{"Est. reading time":"1 \u09ae\u09bf\u09a8\u09bf\u099f"},"schema":{"@context":"https:\/\/schema.org","@graph":[{"@type":"WebPage","@id":"https:\/\/abedinequipment.publicdemo.xyz\/refunds-returns\/","url":"https:\/\/abedinequipment.publicdemo.xyz\/refunds-returns\/","name":"Refunds & Returns - Abedin Equipment Limited","isPartOf":{"@id":"https:\/\/abedinequipment.publicdemo.xyz\/#website"},"datePublished":"2021-08-11T23:31:22+00:00","dateModified":"2023-03-06T20:34:33+00:00","breadcrumb":{"@id":"https:\/\/abedinequipment.publicdemo.xyz\/refunds-returns\/#breadcrumb"},"inLanguage":"bn-BD","potentialAction":[{"@type":"ReadAction","target":["https:\/\/abedinequipment.publicdemo.xyz\/refunds-returns\/"]}]},{"@type":"BreadcrumbList","@id":"https:\/\/abedinequipment.publicdemo.xyz\/refunds-returns\/#breadcrumb","itemListElement":[{"@type":"ListItem","position":1,"name":"Home","item":"https:\/\/abedinequipment.publicdemo.xyz\/"},{"@type":"ListItem","position":2,"name":"Refunds &#038; Returns"}]},{"@type":"WebSite","@id":"https:\/\/abedinequipment.publicdemo.xyz\/#website","url":"https:\/\/abedinequipment.publicdemo.xyz\/","name":"Abedin Equipment Limited","description":"Seek Excellence","potentialAction":[{"@type":"SearchAction","target":{"@type":"EntryPoint","urlTemplate":"https:\/\/abedinequipment.publicdemo.xyz\/?s={search_term_string}"},"query-input":{"@type":"PropertyValueSpecification","valueRequired":true,"valueName":"search_term_string"}}],"inLanguage":"bn-BD"}]}},"_links":{"self":[{"href":"https:\/\/abedinequipment.publicdemo.xyz\/bn\/wp-json\/wp\/v2\/pages\/4096","targetHints":{"allow":["GET"]}}],"collection":[{"href":"https:\/\/abedinequipment.publicdemo.xyz\/bn\/wp-json\/wp\/v2\/pages"}],"about":[{"href":"https:\/\/abedinequipment.publicdemo.xyz\/bn\/wp-json\/wp\/v2\/types\/page"}],"author":[{"embeddable":true,"href":"https:\/\/abedinequipment.publicdemo.xyz\/bn\/wp-json\/wp\/v2\/users\/1"}],"replies":[{"embeddable":true,"href":"https:\/\/abedinequipment.publicdemo.xyz\/bn\/wp-json\/wp\/v2\/comments?post=4096"}],"version-history":[{"count":5,"href":"https:\/\/abedinequipment.publicdemo.xyz\/bn\/wp-json\/wp\/v2\/pages\/4096\/revisions"}],"predecessor-version":[{"id":4101,"href":"https:\/\/abedinequipment.publicdemo.xyz\/bn\/wp-json\/wp\/v2\/pages\/4096\/revisions\/4101"}],"wp:attachment":[{"href":"https:\/\/abedinequipment.publicdemo.xyz\/bn\/wp-json\/wp\/v2\/media?parent=4096"}],"curies":[{"name":"wp","href":"https:\/\/api.w.org\/{rel}","templated":true}]}}